{"id":123,"date":"2023-08-25T07:47:49","date_gmt":"2023-08-25T07:47:49","guid":{"rendered":"https:\/\/harmoningasivaizdis.com\/?post_type=product&#038;p=123"},"modified":"2023-10-03T11:37:45","modified_gmt":"2023-10-03T11:37:45","slug":"figuros-tipo-nustatymas","status":"publish","type":"product","link":"https:\/\/harmoningasivaizdis.com\/index.php\/produktas\/figuros-tipo-nustatymas\/","title":{"rendered":"FIG\u016aROS TIPO NUSTATYMAS IR KONSULTACIJA"},"content":{"rendered":"","protected":false},"excerpt":{"rendered":"<p>K\u016bno analiz\u0117. Konsultacija pagal kliento poreikius. Aptarimas kas tinka pagal j\u016bs\u0173 fig\u016bros tip\u0105, spalvin\u0119 gam\u0105. Derini\u0173 sudarymas ir pasi\u016blymas. \u00a0Pokalbis gali vykti vaizdo skambu\u010diu, el.pa\u0161tu ar susitikus gyvai.<\/p>\n","protected":false},"featured_media":403,"template":"","meta":{"_eb_attr":"","_mi_skip_tracking":false,"_monsterinsights_sitenote_active":false,"_monsterinsights_sitenote_note":"","_monsterinsights_sitenote_category":0,"_glsr_average":0,"_glsr_ranking":0,"_glsr_reviews":0},"product_brand":[],"product_cat":[25],"product_tag":[27],"class_list":{"0":"post-123","1":"product","2":"type-product","3":"status-publish","4":"has-post-thumbnail","6":"product_cat-konsultacija","7":"product_tag-konsultacija","9":"first","10":"instock","11":"virtual","12":"sold-individually","13":"purchasable","14":"product-type-simple"},"_links":{"self":[{"href":"https:\/\/harmoningasivaizdis.com\/index.php\/wp-json\/wp\/v2\/product\/123","targetHints":{"allow":["GET"]}}],"collection":[{"href":"https:\/\/harmoningasivaizdis.com\/index.php\/wp-json\/wp\/v2\/product"}],"about":[{"href":"https:\/\/harmoningasivaizdis.com\/index.php\/wp-json\/wp\/v2\/types\/product"}],"wp:featuredmedia":[{"embeddable":true,"href":"https:\/\/harmoningasivaizdis.com\/index.php\/wp-json\/wp\/v2\/media\/403"}],"wp:attachment":[{"href":"https:\/\/harmoningasivaizdis.com\/index.php\/wp-json\/wp\/v2\/media?parent=123"}],"wp:term":[{"taxonomy":"product_brand","embeddable":true,"href":"https:\/\/harmoningasivaizdis.com\/index.php\/wp-json\/wp\/v2\/product_brand?post=123"},{"taxonomy":"product_cat","embeddable":true,"href":"https:\/\/harmoningasivaizdis.com\/index.php\/wp-json\/wp\/v2\/product_cat?post=123"},{"taxonomy":"product_tag","embeddable":true,"href":"https:\/\/harmoningasivaizdis.com\/index.php\/wp-json\/wp\/v2\/product_tag?post=123"}],"curies":[{"name":"wp","href":"https:\/\/api.w.org\/{rel}","templated":true}]}}